{"id":30,"date":"2024-10-01T09:04:42","date_gmt":"2024-10-01T07:04:42","guid":{"rendered":"https:\/\/tennisclubgersau.wordpress.com\/?page_id=30"},"modified":"2025-02-15T08:48:20","modified_gmt":"2025-02-15T08:48:20","slug":"kontakt","status":"publish","type":"page","link":"https:\/\/tennisclubgersau.ch\/?page_id=30","title":{"rendered":"Kontakt"},"content":{"rendered":"\n<div style=\"height:30px\" aria-hidden=\"true\" class=\"wp-block-spacer\"><\/div>\n\n\n\n<div class=\"wp-block-group has-global-padding is-layout-constrained wp-block-group-is-layout-constrained\">\n<h2 class=\"wp-block-heading\">Allgemeine Anfragen<\/h2>\n\n\n\n<p>F\u00fcr allgemeine Anfragen, melden Sie sich bei unserem Pr\u00e4sidenten.<\/p>\n\n\n\n<p><strong>Mario Camenzind<\/strong><\/p>\n\n\n\n<p>Bl\u00e4uistrasse 4<br>6442 Gersau<br>076 578 19 75<br><a href=\"mailto:bina.allemann@bluewin.ch\">mario.camenzind1975@gmail.com<\/a><\/p>\n\n\n\n<p><\/p>\n\n\n\n<div style=\"height:27px;width:0px\" aria-hidden=\"true\" class=\"wp-block-spacer\"><\/div>\n\n\n\n<h2 class=\"wp-block-heading\">Juniorentraining<\/h2>\n\n\n\n<p>F\u00fcr Anfragen bez\u00fcglich des Juniorentrainings, wenden Sie sich an unsere Juniorenverantwortliche.<\/p>\n\n\n\n<p class=\"has-text-align-left\"><strong>Sabine Allemann<br><\/strong><br>B\u00fcelweg 8<br>6442 Gersau<br>079 757 86 19<br><a href=\"mailto:bina.allemann@bluewin.ch\">bina.allemann@bluewin.ch<\/a><\/p>\n\n\n\n<p><\/p>\n\n\n\n<div style=\"height:27px;width:0px\" aria-hidden=\"true\" class=\"wp-block-spacer\"><\/div>\n\n\n\n<h2 class=\"wp-block-heading\">Mutationen<\/h2>\n\n\n\n<p>Bei \u00c4nderungen bez\u00fcglich der Mitgliedschaft, der Adresse oder \u00e4hnlichem, wenden Sie sich an unseren Aktuar.<\/p>\n\n\n\n<p><strong>Vasco Sommacal<br><\/strong><br>G\u00fctschstrasse 7<br>6442 Gersau<br>079 414 14 96<br><a href=\"mailto:sommacalvasco@gmail.com\">sommacalvasco@gmail.com<\/a><\/p>\n<\/div>\n\n\n\n<div style=\"height:30px;width:0px\" aria-hidden=\"true\" class=\"wp-block-spacer\"><\/div>\n","protected":false},"excerpt":{"rendered":"<p>Allgemeine Anfragen F\u00fcr allgemeine Anfragen, melden Sie sich bei unserem Pr\u00e4sidenten. Mario Camenzind Bl\u00e4uistrasse 46442 Gersau076 578 19 75mario.camenzind1975@gmail.com Juniorentraining F\u00fcr Anfragen bez\u00fcglich des Juniorentrainings, wenden Sie sich an unsere Juniorenverantwortliche. Sabine AllemannB\u00fcelweg 86442 Gersau079 757 86 19bina.allemann@bluewin.ch Mutationen Bei \u00c4nderungen bez\u00fcglich der Mitgliedschaft, der Adresse oder \u00e4hnlichem, wenden Sie sich an unseren Aktuar. Vasco [&hellip;]<\/p>\n","protected":false},"author":3,"featured_media":0,"parent":0,"menu_order":0,"comment_status":"closed","ping_status":"closed","template":"","meta":{"footnotes":""},"class_list":["post-30","page","type-page","status-publish","hentry"],"_links":{"self":[{"href":"https:\/\/tennisclubgersau.ch\/index.php?rest_route=\/wp\/v2\/pages\/30","targetHints":{"allow":["GET"]}}],"collection":[{"href":"https:\/\/tennisclubgersau.ch\/index.php?rest_route=\/wp\/v2\/pages"}],"about":[{"href":"https:\/\/tennisclubgersau.ch\/index.php?rest_route=\/wp\/v2\/types\/page"}],"author":[{"embeddable":true,"href":"https:\/\/tennisclubgersau.ch\/index.php?rest_route=\/wp\/v2\/users\/3"}],"replies":[{"embeddable":true,"href":"https:\/\/tennisclubgersau.ch\/index.php?rest_route=%2Fwp%2Fv2%2Fcomments&post=30"}],"version-history":[{"count":7,"href":"https:\/\/tennisclubgersau.ch\/index.php?rest_route=\/wp\/v2\/pages\/30\/revisions"}],"predecessor-version":[{"id":213,"href":"https:\/\/tennisclubgersau.ch\/index.php?rest_route=\/wp\/v2\/pages\/30\/revisions\/213"}],"wp:attachment":[{"href":"https:\/\/tennisclubgersau.ch\/index.php?rest_route=%2Fwp%2Fv2%2Fmedia&parent=30"}],"curies":[{"name":"wp","href":"https:\/\/api.w.org\/{rel}","templated":true}]}}