{"id":28,"date":"2024-10-01T09:04:23","date_gmt":"2024-10-01T07:04:23","guid":{"rendered":"https:\/\/tennisclubgersau.wordpress.com\/?page_id=28"},"modified":"2024-10-09T11:19:19","modified_gmt":"2024-10-09T11:19:19","slug":"standort","status":"publish","type":"page","link":"https:\/\/tennisclubgersau.ch\/?page_id=28","title":{"rendered":"Standort"},"content":{"rendered":"\n<div class=\"wp-block-group has-global-padding is-layout-constrained wp-block-group-is-layout-constrained\">\n<figure class=\"wp-block-gallery has-nested-images columns-default is-cropped wp-block-gallery-1 is-layout-flex wp-block-gallery-is-layout-flex\">\n<figure class=\"wp-block-image size-large\"><img loading=\"lazy\" decoding=\"async\" width=\"1600\" height=\"1200\" data-id=\"110\" src=\"https:\/\/tennisclubgersau.ch\/wp-content\/uploads\/2024\/10\/tennisplatz-gersau-2.jpg?w=1024\" alt=\"\" class=\"wp-image-110\" srcset=\"https:\/\/tennisclubgersau.ch\/wp-content\/uploads\/2024\/10\/tennisplatz-gersau-2.jpg 1600w, https:\/\/tennisclubgersau.ch\/wp-content\/uploads\/2024\/10\/tennisplatz-gersau-2-300x225.jpg 300w, https:\/\/tennisclubgersau.ch\/wp-content\/uploads\/2024\/10\/tennisplatz-gersau-2-1024x768.jpg 1024w, https:\/\/tennisclubgersau.ch\/wp-content\/uploads\/2024\/10\/tennisplatz-gersau-2-768x576.jpg 768w, https:\/\/tennisclubgersau.ch\/wp-content\/uploads\/2024\/10\/tennisplatz-gersau-2-1536x1152.jpg 1536w\" sizes=\"auto, (max-width: 1600px) 100vw, 1600px\" \/><\/figure>\n\n\n\n<figure class=\"wp-block-image size-large\"><img loading=\"lazy\" decoding=\"async\" width=\"1600\" height=\"1183\" data-id=\"109\" src=\"https:\/\/tennisclubgersau.ch\/wp-content\/uploads\/2024\/10\/tennisplatz-gersau-1.jpg?w=1024\" alt=\"\" class=\"wp-image-109\" srcset=\"https:\/\/tennisclubgersau.ch\/wp-content\/uploads\/2024\/10\/tennisplatz-gersau-1.jpg 1600w, https:\/\/tennisclubgersau.ch\/wp-content\/uploads\/2024\/10\/tennisplatz-gersau-1-300x222.jpg 300w, https:\/\/tennisclubgersau.ch\/wp-content\/uploads\/2024\/10\/tennisplatz-gersau-1-1024x757.jpg 1024w, https:\/\/tennisclubgersau.ch\/wp-content\/uploads\/2024\/10\/tennisplatz-gersau-1-768x568.jpg 768w, https:\/\/tennisclubgersau.ch\/wp-content\/uploads\/2024\/10\/tennisplatz-gersau-1-1536x1136.jpg 1536w\" sizes=\"auto, (max-width: 1600px) 100vw, 1600px\" \/><\/figure>\n<\/figure>\n\n\n\n<p>Der Tennis Club Gersau hat zwei Kunstrasenpl\u00e4tze mit Quarzsand, welche das ganze Jahr \u00fcber verwendet werden k\u00f6nnen.<\/p>\n\n\n\n<div style=\"height:30px\" aria-hidden=\"true\" class=\"wp-block-spacer\"><\/div>\n\n\n\n<h2 class=\"wp-block-heading\">Karte<\/h2>\n\n\n\n<div><iframe src=\"https:\/\/maps.google.com\/maps?q=Tennisclub+Gersau&#038;z=18&#038;t=m&#038;output=embed\" style=\"border:0;height:300px;width:100%\"><\/iframe><\/div>\n\n\n\n<div style=\"height:30px\" aria-hidden=\"true\" class=\"wp-block-spacer\"><\/div>\n\n\n\n<h2 class=\"wp-block-heading\">Anreise<\/h2>\n\n\n\n<p><strong>Auto<\/strong>: Auf der Hauptstrasse die Einfahrt bei der Kirche nehmen und geradeaus in Richtung Schulhaus weiterfahren. Bei der Kreuzung links abbiegen und die Parkpl\u00e4tze neben dem Schulhaus (<a href=\"https:\/\/maps.app.goo.gl\/PHSBAzhMCkhRJLQJ8\">Standort Google Maps<\/a>) verwenden. <\/p>\n\n\n\n<p><strong>\u00d6ffentlicher Verkehr<\/strong>: Die Buslinien 502 oder 508 verwenden und bis zu &#171;<a href=\"https:\/\/maps.app.goo.gl\/yJRhr6hFSZYPKaSg6\">Gersau, Schiffstation<\/a>&#187; fahren. Danach ca. 5 Minuten Fussweg bis zum Tennisplatz.<\/p>\n\n\n\n<div style=\"height:30px\" aria-hidden=\"true\" class=\"wp-block-spacer\"><\/div>\n\n\n\n<p><\/p>\n<\/div>\n","protected":false},"excerpt":{"rendered":"<p>Der Tennis Club Gersau hat zwei Kunstrasenpl\u00e4tze mit Quarzsand, welche das ganze Jahr \u00fcber verwendet werden k\u00f6nnen. Karte Anreise Auto: Auf der Hauptstrasse die Einfahrt bei der Kirche nehmen und geradeaus in Richtung Schulhaus weiterfahren. Bei der Kreuzung links abbiegen und die Parkpl\u00e4tze neben dem Schulhaus (Standort Google Maps) verwenden. \u00d6ffentlicher Verkehr: Die Buslinien 502 [&hellip;]<\/p>\n","protected":false},"author":3,"featured_media":0,"parent":0,"menu_order":0,"comment_status":"closed","ping_status":"closed","template":"","meta":{"footnotes":""},"class_list":["post-28","page","type-page","status-publish","hentry"],"_links":{"self":[{"href":"https:\/\/tennisclubgersau.ch\/index.php?rest_route=\/wp\/v2\/pages\/28","targetHints":{"allow":["GET"]}}],"collection":[{"href":"https:\/\/tennisclubgersau.ch\/index.php?rest_route=\/wp\/v2\/pages"}],"about":[{"href":"https:\/\/tennisclubgersau.ch\/index.php?rest_route=\/wp\/v2\/types\/page"}],"author":[{"embeddable":true,"href":"https:\/\/tennisclubgersau.ch\/index.php?rest_route=\/wp\/v2\/users\/3"}],"replies":[{"embeddable":true,"href":"https:\/\/tennisclubgersau.ch\/index.php?rest_route=%2Fwp%2Fv2%2Fcomments&post=28"}],"version-history":[{"count":4,"href":"https:\/\/tennisclubgersau.ch\/index.php?rest_route=\/wp\/v2\/pages\/28\/revisions"}],"predecessor-version":[{"id":181,"href":"https:\/\/tennisclubgersau.ch\/index.php?rest_route=\/wp\/v2\/pages\/28\/revisions\/181"}],"wp:attachment":[{"href":"https:\/\/tennisclubgersau.ch\/index.php?rest_route=%2Fwp%2Fv2%2Fmedia&parent=28"}],"curies":[{"name":"wp","href":"https:\/\/api.w.org\/{rel}","templated":true}]}}